{"id":5018,"date":"2021-01-22T02:59:58","date_gmt":"2021-01-22T01:59:58","guid":{"rendered":"https:\/\/omegaprofessionaldoors.com\/nuovo\/?post_type=product&#038;p=5018"},"modified":"2025-06-20T09:55:25","modified_gmt":"2025-06-20T07:55:25","slug":"porta-per-garage-sezionale-model-c","status":"publish","type":"product","link":"https:\/\/omegaprofessionaldoors.com\/OLD-2025\/porte-per-garage\/porte-per-garage-sezionali\/porta-per-garage-sezionale-model-c\/","title":{"rendered":"Porta Per Garage Sezionale Model C"},"content":{"rendered":"<p>La forza dell\u2019acciaio unita al fascino del legno. Model C \u00e8 il sezionale in acciaio che si adatta perfettamente ad ambientazioni classiche perch\u00e9 richiama ed esalta le calde atmosfere del legno. I pannelli sono rivestiti con effetto legno e garantiscono un risultato estetico di assoluto prestigio. Model C \u00e8 la porta garage in cui la forza e la solidit\u00e0 dell\u2019acciaio si fondono sapientemente con le antiche suggestioni del legno. Rappresenta la soluzione ideale per le ambientazioni classiche grazie alle finiture dei pannelli in acciaio effetto legno che regalano calde atmosfere e richiamano il fascino della tradizione.<\/p>\n<p>Il prezzo esposto \u00e8 riferito a un portone con misure fino a 2,50m L x 2,25m H (esempio 2,34m L x 2,23m H).<\/p>\n<p>Per misure eccedenti l&#8217;offerta (esempio 3,14m L x 2,89m H) inviate una mail a <a href=\"mailto:info@omegaprofessional.it\">info@omegaprofessional.it<\/a><\/p>\n<p>Il prezzo esposto include un telecomando, la motorizzazione (motore a 24V con possibilit\u00e0 di batteria tampone), il montaggio e il trasporto.<\/p>\n<p>Compra online e sarai ricontattato da un nostro tecnico per il rilievo delle misure precise. Il rilievo misure \u00e8 un omaggio solo per i clienti residenti nel Lazio.<\/p>\n","protected":false},"excerpt":{"rendered":"<p>Arredare la propria casa con prodotti che pi\u00f9 di altri sanno unire praticit\u00e0 e creativit\u00e0, innovazione e tecnologia e che al contempo riescono ad esprimere con originalit\u00e0 il gusto e lo stile di chi li ha scelti. \u00c8 il caso del Model C, il sezionale Omega Professional pi\u00f9 diffuso ed apprezzato per l\u2019eleganza e l\u2019incredibile possibilit\u00e0 di personalizzazione ed adattabilit\u00e0. \u00c8 il portone residenziale Omega Professional per eccellenza, il pi\u00f9 conosciuto e apprezzato dell\u2019intera gamma. Model C rappresenta una sintesi perfetta di eleganza e cura del dettaglio definiti sin nei minimi particolari, di totale adattabilit\u00e0 e di assoluta sicurezza. Model C rende ogni contesto abitativo unico, grazie a caratteristiche di eccellenza sotto ogni profilo.<\/p>\n","protected":false},"featured_media":5019,"template":"","meta":{"_joinchat":[]},"product-make":[],"product-model":[],"product-trim":[],"pa_category":[293,294],"product_tag":[],"pa_colore":[369,318,320,319],"pa_composizione":[314,313,315],"class_list":["post-5018","product","type-product","status-publish","has-post-thumbnail","hentry","product_cat-porte-per-garage","product_cat-porte-per-garage-sezionali","pa_colore-rusty","pa_colore-simil-legno-noce","pa_colore-simil-legno-quercia-chiara","pa_colore-simil-legno-quercia-dorata"],"product_attributes":{"pa_colore":{"369":"Rusty","318":"Simil Legno noce","320":"Simil Legno quercia chiara","319":"Simil Legno quercia dorata"},"pa_composizione":{"314":"Doghe larghe","313":"Doghe strette","315":"Doghe medie"}},"_links":{"self":[{"href":"https:\/\/omegaprofessionaldoors.com\/OLD-2025\/wp-json\/wp\/v2\/product\/5018","targetHints":{"allow":["GET"]}}],"collection":[{"href":"https:\/\/omegaprofessionaldoors.com\/OLD-2025\/wp-json\/wp\/v2\/product"}],"about":[{"href":"https:\/\/omegaprofessionaldoors.com\/OLD-2025\/wp-json\/wp\/v2\/types\/product"}],"wp:featuredmedia":[{"embeddable":true,"href":"https:\/\/omegaprofessionaldoors.com\/OLD-2025\/wp-json\/wp\/v2\/media\/5019"}],"wp:attachment":[{"href":"https:\/\/omegaprofessionaldoors.com\/OLD-2025\/wp-json\/wp\/v2\/media?parent=5018"}],"wp:term":[{"taxonomy":"product-make","embeddable":true,"href":"https:\/\/omegaprofessionaldoors.com\/OLD-2025\/wp-json\/wp\/v2\/product-make?post=5018"},{"taxonomy":"product-model","embeddable":true,"href":"https:\/\/omegaprofessionaldoors.com\/OLD-2025\/wp-json\/wp\/v2\/product-model?post=5018"},{"taxonomy":"product-trim","embeddable":true,"href":"https:\/\/omegaprofessionaldoors.com\/OLD-2025\/wp-json\/wp\/v2\/product-trim?post=5018"},{"taxonomy":"product_cat","embeddable":true,"href":"https:\/\/omegaprofessionaldoors.com\/OLD-2025\/wp-json\/wp\/v2\/pa_category?post=5018"},{"taxonomy":"product_tag","embeddable":true,"href":"https:\/\/omegaprofessionaldoors.com\/OLD-2025\/wp-json\/wp\/v2\/product_tag?post=5018"},{"taxonomy":"pa_colore","embeddable":true,"href":"https:\/\/omegaprofessionaldoors.com\/OLD-2025\/wp-json\/wp\/v2\/pa_colore?post=5018"},{"taxonomy":"pa_composizione","embeddable":true,"href":"https:\/\/omegaprofessionaldoors.com\/OLD-2025\/wp-json\/wp\/v2\/pa_composizione?post=5018"}],"curies":[{"name":"wp","href":"https:\/\/api.w.org\/{rel}","templated":true}]}}