{"id":5261,"date":"2021-01-26T18:25:06","date_gmt":"2021-01-26T17:25:06","guid":{"rendered":"https:\/\/omegaprofessionaldoors.com\/nuovo\/?post_type=product&#038;p=5261"},"modified":"2023-01-19T15:30:13","modified_gmt":"2023-01-19T14:30:13","slug":"porta-industriale-rapida-model-r","status":"publish","type":"product","link":"https:\/\/omegaprofessionaldoors.com\/OLD-2025\/portoni-industriali\/porte-rapide\/porta-industriale-rapida-model-r\/","title":{"rendered":"Porta Industriale Rapida Model R"},"content":{"rendered":"<div class=\"wpb_text_column wpb_content_element vc_custom_1505893284099\">\n<div class=\"wpb_wrapper\">\n<div class=\"wpb_text_column wpb_content_element vc_custom_1508493919121\">\n<div class=\"wpb_wrapper\">\n<div class=\"wpb_text_column wpb_content_element vc_custom_1511521949561\">\n<div class=\"wpb_wrapper\">\n<div class=\"wpb_text_column wpb_content_element vc_custom_1506932889209\">\n<div class=\"wpb_wrapper\">\n<p>Le porte ad avvolgimento rapido Model R rappresentano la soluzione pi\u00f9 adatta per mettere in contatto ambienti che, pur rimanendo separati, hanno la necessit\u00e0 di comunicare, scambiare merci e garantire un passaggio agevole di persone, di carrelli e di automezzi. Non solo: Model R \u00e8 un must per le zone di transito grazie alla sua capacit\u00e0 di isolamento acustico e alla sua rapidit\u00e0 di utilizzo che consente una ottimizzazione delle fasi produttive dell\u2019industria.<\/p>\n<\/div>\n<\/div>\n<\/div>\n<\/div>\n<\/div>\n<\/div>\n<\/div>\n<\/div>\n<p>Il prezzo esposto \u00e8 riferito a una porta rapida con misure fino a 4m L x 4m H (esempio 3,76m L x 3,43m H) e include una fascia trasparente centrale.<\/p>\n<p>Per misure eccedenti l&#8217;offerta (esempio 4,14m L x 4,89mH) inviate una mail a <a href=\"mailto:info@omegaprofessional.it\">info@omegaprofessional.it<\/a><\/p>\n<p>Il prezzo esposto include la motorizzazione a norma con funzionamento automatico (motore trifase), il montaggio e il trasporto.<\/p>\n<p>Compra online e sarai ricontattato da un nostro tecnico per il rilievo delle misure precise. Il rilievo misure \u00e8 un omaggio solo per le Aziende con sede nel Lazio.<\/p>\n","protected":false},"excerpt":{"rendered":"<div class=\"wpb_text_column wpb_content_element vc_custom_1508493919121\">\n<div class=\"wpb_wrapper\">\n<div class=\"wpb_text_column wpb_content_element vc_custom_1508493919121\">\n<div class=\"wpb_wrapper\">\n<div class=\"wpb_text_column wpb_content_element vc_custom_1511521949561\">\n<div class=\"wpb_wrapper\">\n<div class=\"wpb_text_column wpb_content_element vc_custom_1506932889209\">\n<div class=\"wpb_wrapper\">\n<p>Le porte ad avvolgimento rapido Model R rappresentano la soluzione pi\u00f9 adatta per mettere in contatto ambienti che, pur rimanendo separati, hanno la necessit\u00e0 di comunicare, scambiare merci e garantire un passaggio agevole di persone, di carrelli e di automezzi. Non solo: Model R \u00e8 un must per le zone di transito grazie alla sua capacit\u00e0 di isolamento acustico e alla sua rapidit\u00e0 di utilizzo che consente una ottimizzazione delle fasi produttive dell\u2019industria.<\/p>\n<\/div>\n<\/div>\n<\/div>\n<\/div>\n<\/div>\n<\/div>\n<\/div>\n<\/div>\n","protected":false},"featured_media":5331,"template":"","meta":{"_joinchat":[]},"product-make":[],"product-model":[],"product-trim":[],"pa_category":[295,301],"product_tag":[],"pa_colore":[345,308,346,309,326,344,340,342,341,343,327,311],"pa_composizione":[],"class_list":["post-5261","product","type-product","status-publish","has-post-thumbnail","hentry","product_cat-portoni-industriali","product_cat-porte-rapide","pa_colore-arancio-ral-2004","pa_colore-argento-ral-9006","pa_colore-azzurro-ral-5012","pa_colore-bianco-ral-9010","pa_colore-blu-ral-5002","pa_colore-giallo-ral-1003","pa_colore-grigio-ral-7035","pa_colore-grigio-ral-7037","pa_colore-grigio-ral-7042","pa_colore-panna-ral-1015","pa_colore-rosso-ral-3002","pa_colore-verde-ral-6026"],"product_attributes":{"pa_colore":{"345":"Arancio RAL 2004","308":"Argento RAL 9006","346":"Azzurro RAL 5012","309":"Bianco RAL 9010","326":"Blu RAL 5002","344":"Giallo RAL 1003","340":"Grigio RAL 7035","342":"Grigio RAL 7037","341":"Grigio RAL 7042","343":"Panna RAL 1015","327":"Rosso RAL 3002","311":"Verde RAL 6026"}},"_links":{"self":[{"href":"https:\/\/omegaprofessionaldoors.com\/OLD-2025\/wp-json\/wp\/v2\/product\/5261","targetHints":{"allow":["GET"]}}],"collection":[{"href":"https:\/\/omegaprofessionaldoors.com\/OLD-2025\/wp-json\/wp\/v2\/product"}],"about":[{"href":"https:\/\/omegaprofessionaldoors.com\/OLD-2025\/wp-json\/wp\/v2\/types\/product"}],"wp:featuredmedia":[{"embeddable":true,"href":"https:\/\/omegaprofessionaldoors.com\/OLD-2025\/wp-json\/wp\/v2\/media\/5331"}],"wp:attachment":[{"href":"https:\/\/omegaprofessionaldoors.com\/OLD-2025\/wp-json\/wp\/v2\/media?parent=5261"}],"wp:term":[{"taxonomy":"product-make","embeddable":true,"href":"https:\/\/omegaprofessionaldoors.com\/OLD-2025\/wp-json\/wp\/v2\/product-make?post=5261"},{"taxonomy":"product-model","embeddable":true,"href":"https:\/\/omegaprofessionaldoors.com\/OLD-2025\/wp-json\/wp\/v2\/product-model?post=5261"},{"taxonomy":"product-trim","embeddable":true,"href":"https:\/\/omegaprofessionaldoors.com\/OLD-2025\/wp-json\/wp\/v2\/product-trim?post=5261"},{"taxonomy":"product_cat","embeddable":true,"href":"https:\/\/omegaprofessionaldoors.com\/OLD-2025\/wp-json\/wp\/v2\/pa_category?post=5261"},{"taxonomy":"product_tag","embeddable":true,"href":"https:\/\/omegaprofessionaldoors.com\/OLD-2025\/wp-json\/wp\/v2\/product_tag?post=5261"},{"taxonomy":"pa_colore","embeddable":true,"href":"https:\/\/omegaprofessionaldoors.com\/OLD-2025\/wp-json\/wp\/v2\/pa_colore?post=5261"},{"taxonomy":"pa_composizione","embeddable":true,"href":"https:\/\/omegaprofessionaldoors.com\/OLD-2025\/wp-json\/wp\/v2\/pa_composizione?post=5261"}],"curies":[{"name":"wp","href":"https:\/\/api.w.org\/{rel}","templated":true}]}}