{"id":5369,"date":"2021-01-28T14:50:28","date_gmt":"2021-01-28T13:50:28","guid":{"rendered":"https:\/\/omegaprofessionaldoors.com\/nuovo\/?post_type=product&#038;p=5369"},"modified":"2023-01-19T15:22:59","modified_gmt":"2023-01-19T14:22:59","slug":"portone-industriale-a-libro-model-bl","status":"publish","type":"product","link":"https:\/\/omegaprofessionaldoors.com\/OLD-2025\/portoni-industriali\/portoni-a-libro\/portone-industriale-a-libro-model-bl\/","title":{"rendered":"Portone Industriale a Libro Model BL"},"content":{"rendered":"<div class=\"wpb_text_column wpb_content_element vc_custom_1505893284099\">\n<div class=\"wpb_wrapper\">\n<div class=\"wpb_text_column wpb_content_element vc_custom_1508493919121\">\n<div class=\"wpb_wrapper\">\n<div class=\"wpb_text_column wpb_content_element vc_custom_1511521949561\">\n<div class=\"wpb_wrapper\">\n<div class=\"wpb_text_column wpb_content_element vc_custom_1528722675175\">\n<div class=\"wpb_wrapper\">\n<p>Concepito per adattarsi alle varie problematiche di cantiere e ai pi\u00f9 diversi contesti grazie alla sua particolare struttura, alla variet\u00e0 di accessori, configurazioni e finiture disponibili, Model BL \u00e8 il portone a libro con telaio senza guida a terra di nuova generazione che combina versatilit\u00e0 d\u2019applicazione, innovazione tecnologica e gusto estetico. Una soluzione che si caratterizza per una estrema facilit\u00e0 di installazione e per la possibilit\u00e0 di sfruttare al massimo lo spazio grazie alla possibilit\u00e0 di ribaltamento delle ante a 180\u00b0. Model BL, il portone pieghevole made in Italy!<\/p>\n<\/div>\n<\/div>\n<\/div>\n<\/div>\n<\/div>\n<\/div>\n<\/div>\n<\/div>\n<p>Il prezzo esposto \u00e8 riferito a un portone con misure fino a 4m L x 4m H (esempio 3,76m L x 3,43m H).<\/p>\n<p>Per misure eccedenti l&#8217;offerta (esempio 4,14m L x 4,89mH) inviate una mail a <a href=\"mailto:info@omegaprofessional.it\">info@omegaprofessional.it<\/a><\/p>\n<p>Il prezzo esposto include la fornitura del portone con funzionamento manuale, il montaggio e il trasporto.<\/p>\n<p>Compra online e sarai ricontattato da un nostro tecnico per il rilievo delle misure precise. Il rilievo misure \u00e8 un omaggio solo per le Aziende con sede nel Lazio.<\/p>\n","protected":false},"excerpt":{"rendered":"<div class=\"wpb_text_column wpb_content_element vc_custom_1508493919121\">\n<div class=\"wpb_wrapper\">\n<div class=\"wpb_text_column wpb_content_element vc_custom_1508493919121\">\n<div class=\"wpb_wrapper\">\n<div class=\"wpb_text_column wpb_content_element vc_custom_1511521949561\">\n<div class=\"wpb_wrapper\">\n<p>Qualit\u00e0 e funzionalit\u00e0 costituiscono il marchio di fabbrica di Dock, il portone sezionale industriale che garantisce massima efficienza con ampie possibilit\u00e0 di personalizzazione: dai sistemi di scorrimento alle varie versioni con obl\u00f2 fino all\u2019inserimento del passaggio pedonale, normale o a soglia ribassata, comodit\u00e0 spesso irrinunciabile negli spazi di lavoro.<\/p>\n<\/div>\n<\/div>\n<\/div>\n<\/div>\n<\/div>\n<\/div>\n","protected":false},"featured_media":5370,"template":"","meta":{"_joinchat":[]},"product-make":[],"product-model":[],"product-trim":[],"pa_category":[295,300],"product_tag":[],"pa_colore":[308,355,347,353,352,356,349,351,357,318,319,310,350,348,354],"pa_composizione":[],"class_list":["post-5369","product","type-product","status-publish","has-post-thumbnail","hentry","product_cat-portoni-industriali","product_cat-portoni-a-libro","pa_colore-argento-ral-9006","pa_colore-argento-stucco-ral-9006","pa_colore-bianco-c21","pa_colore-bianco-c81","pa_colore-blu-ral-5010","pa_colore-blu-stucco-ral-5010","pa_colore-liscio-bianco-grigio","pa_colore-rosso-ral-3000","pa_colore-rosso-stucco-ral-3000","pa_colore-simil-legno-noce","pa_colore-simil-legno-quercia-dorata","pa_colore-testa-di-moro-c17","pa_colore-testa-di-moro-ral-8019","pa_colore-verde-ral-6005","pa_colore-verde-stucco-ral-6005"],"product_attributes":{"pa_colore":{"308":"Argento RAL 9006","355":"Argento stucco RAL 9006","347":"Bianco C21","353":"Bianco C81","352":"Blu RAL 5010","356":"Blu stucco RAL 5010","349":"Liscio bianco grigio","351":"Rosso RAL 3000","357":"Rosso stucco RAL 3000","318":"Simil Legno noce","319":"Simil Legno quercia dorata","310":"Testa di moro C17","350":"Testa di moro RAL 8019","348":"Verde RAL 6005","354":"Verde stucco RAL 6005"}},"_links":{"self":[{"href":"https:\/\/omegaprofessionaldoors.com\/OLD-2025\/wp-json\/wp\/v2\/product\/5369","targetHints":{"allow":["GET"]}}],"collection":[{"href":"https:\/\/omegaprofessionaldoors.com\/OLD-2025\/wp-json\/wp\/v2\/product"}],"about":[{"href":"https:\/\/omegaprofessionaldoors.com\/OLD-2025\/wp-json\/wp\/v2\/types\/product"}],"wp:featuredmedia":[{"embeddable":true,"href":"https:\/\/omegaprofessionaldoors.com\/OLD-2025\/wp-json\/wp\/v2\/media\/5370"}],"wp:attachment":[{"href":"https:\/\/omegaprofessionaldoors.com\/OLD-2025\/wp-json\/wp\/v2\/media?parent=5369"}],"wp:term":[{"taxonomy":"product-make","embeddable":true,"href":"https:\/\/omegaprofessionaldoors.com\/OLD-2025\/wp-json\/wp\/v2\/product-make?post=5369"},{"taxonomy":"product-model","embeddable":true,"href":"https:\/\/omegaprofessionaldoors.com\/OLD-2025\/wp-json\/wp\/v2\/product-model?post=5369"},{"taxonomy":"product-trim","embeddable":true,"href":"https:\/\/omegaprofessionaldoors.com\/OLD-2025\/wp-json\/wp\/v2\/product-trim?post=5369"},{"taxonomy":"product_cat","embeddable":true,"href":"https:\/\/omegaprofessionaldoors.com\/OLD-2025\/wp-json\/wp\/v2\/pa_category?post=5369"},{"taxonomy":"product_tag","embeddable":true,"href":"https:\/\/omegaprofessionaldoors.com\/OLD-2025\/wp-json\/wp\/v2\/product_tag?post=5369"},{"taxonomy":"pa_colore","embeddable":true,"href":"https:\/\/omegaprofessionaldoors.com\/OLD-2025\/wp-json\/wp\/v2\/pa_colore?post=5369"},{"taxonomy":"pa_composizione","embeddable":true,"href":"https:\/\/omegaprofessionaldoors.com\/OLD-2025\/wp-json\/wp\/v2\/pa_composizione?post=5369"}],"curies":[{"name":"wp","href":"https:\/\/api.w.org\/{rel}","templated":true}]}}