{"id":5406,"date":"2021-01-28T15:20:31","date_gmt":"2021-01-28T14:20:31","guid":{"rendered":"https:\/\/omegaprofessionaldoors.com\/nuovo\/?post_type=product&#038;p=5406"},"modified":"2021-01-28T17:36:29","modified_gmt":"2021-01-28T16:36:29","slug":"pedana-di-carico-con-controtelaio","status":"publish","type":"product","link":"https:\/\/omegaprofessionaldoors.com\/OLD-2025\/portoni-industriali\/punti-di-carico\/pedana-di-carico-con-controtelaio\/","title":{"rendered":"Pedana di carico con controtelaio"},"content":{"rendered":"<div class=\"wpb_text_column wpb_content_element vc_custom_1505893284099\">\n<div class=\"wpb_wrapper\">\n<div class=\"wpb_text_column wpb_content_element vc_custom_1508493919121\">\n<div class=\"wpb_wrapper\">\n<div class=\"wpb_text_column wpb_content_element vc_custom_1511521949561\">\n<div class=\"wpb_wrapper\">\n<div class=\"wpb_text_column wpb_content_element vc_custom_1528722675175\">\n<div class=\"wpb_wrapper\">\n<div class=\"wpb_text_column wpb_content_element vc_custom_1506697526388\">\n<div class=\"wpb_wrapper\">\n<p>Per le attivit\u00e0 industriali in cui \u00e8 fondamentale agevolare le operazioni di carico e scarico dai veicoli, la Pedana di Carico Omega Professional \u00e8 una soluzione sicura, veloce e da oggi anche pi\u00f9 economica. Oltre a garantire la massima sicurezza grazie alla sua elevata portata e al dispositivo di stop di emergenza idraulico, la Pedana di Carico \u00e8 altamente competitiva anche dal punto di vista dei tempi e dei costi di installazione. Questo grazie al sistema di posa in opera con cassaforma prefabbricata, che non richiede opere edili preliminari e precedenti all\u2019installazione e riduce gli ingombri ed i costi di trasporto, nonch\u00e9 il costo iniziale. Disponibile anche la pedana con controtelaio in cui la costruzione della fossa di alloggiamento viene effettuata con i sistemi tradizionali, predisponendo opere murarie opportune ed angolari e profili in acciaio zincati di bordo fossa.<\/p>\n<\/div>\n<\/div>\n<\/div>\n<\/div>\n<\/div>\n<\/div>\n<\/div>\n<\/div>\n<\/div>\n<\/div>\n<p>Il prezzo esposto \u00e8 riferito ad una pedana di carico con misura secca 2,5m L x 2m P.<\/p>\n<p>La portata \u00e8 pari a 6000KG e la colorazione \u00e8 RAL 7005. Labbro esterno da 1 pezzo.<\/p>\n<p>Il prezzo esposto include la motorizzazione a norma con funzionamento a uomo presente (motore oliodinamico trifase), il montaggio e il trasporto.<\/p>\n","protected":false},"excerpt":{"rendered":"<div class=\"wpb_text_column wpb_content_element vc_custom_1508493919121\">\n<div class=\"wpb_wrapper\">\n<div class=\"wpb_text_column wpb_content_element vc_custom_1508493919121\">\n<div class=\"wpb_wrapper\">\n<div class=\"wpb_text_column wpb_content_element vc_custom_1511521949561\">\n<div class=\"wpb_wrapper\">\n<p>Per le attivit\u00e0 industriali in cui \u00e8 fondamentale agevolare le operazioni di carico e scarico dai veicoli, la Pedana di Carico Omega Professional \u00e8 una soluzione sicura, veloce e da oggi anche pi\u00f9 economica. Oltre a garantire la massima sicurezza grazie alla sua elevata portata e al dispositivo di stop di emergenza idraulico, la Pedana di Carico \u00e8 altamente competitiva anche dal punto di vista dei tempi e dei costi di installazione. Questo grazie al sistema di posa in opera con cassaforma prefabbricata, che non richiede opere edili preliminari e precedenti all\u2019installazione e riduce gli ingombri ed i costi di trasporto, nonch\u00e9 il costo iniziale. Disponibile anche la pedana con controtelaio in cui la costruzione della fossa di alloggiamento viene effettuata con i sistemi tradizionali, predisponendo opere murarie opportune ed angolari e profili in acciaio zincati di bordo fossa.<\/p>\n<\/div>\n<\/div>\n<\/div>\n<\/div>\n<\/div>\n<\/div>\n","protected":false},"featured_media":5422,"template":"","meta":{"_joinchat":[]},"product-make":[],"product-model":[],"product-trim":[],"pa_category":[295,302],"product_tag":[],"pa_colore":[],"pa_composizione":[],"class_list":["post-5406","product","type-product","status-publish","has-post-thumbnail","hentry","product_cat-portoni-industriali","product_cat-punti-di-carico"],"product_attributes":null,"_links":{"self":[{"href":"https:\/\/omegaprofessionaldoors.com\/OLD-2025\/wp-json\/wp\/v2\/product\/5406","targetHints":{"allow":["GET"]}}],"collection":[{"href":"https:\/\/omegaprofessionaldoors.com\/OLD-2025\/wp-json\/wp\/v2\/product"}],"about":[{"href":"https:\/\/omegaprofessionaldoors.com\/OLD-2025\/wp-json\/wp\/v2\/types\/product"}],"wp:featuredmedia":[{"embeddable":true,"href":"https:\/\/omegaprofessionaldoors.com\/OLD-2025\/wp-json\/wp\/v2\/media\/5422"}],"wp:attachment":[{"href":"https:\/\/omegaprofessionaldoors.com\/OLD-2025\/wp-json\/wp\/v2\/media?parent=5406"}],"wp:term":[{"taxonomy":"product-make","embeddable":true,"href":"https:\/\/omegaprofessionaldoors.com\/OLD-2025\/wp-json\/wp\/v2\/product-make?post=5406"},{"taxonomy":"product-model","embeddable":true,"href":"https:\/\/omegaprofessionaldoors.com\/OLD-2025\/wp-json\/wp\/v2\/product-model?post=5406"},{"taxonomy":"product-trim","embeddable":true,"href":"https:\/\/omegaprofessionaldoors.com\/OLD-2025\/wp-json\/wp\/v2\/product-trim?post=5406"},{"taxonomy":"product_cat","embeddable":true,"href":"https:\/\/omegaprofessionaldoors.com\/OLD-2025\/wp-json\/wp\/v2\/pa_category?post=5406"},{"taxonomy":"product_tag","embeddable":true,"href":"https:\/\/omegaprofessionaldoors.com\/OLD-2025\/wp-json\/wp\/v2\/product_tag?post=5406"},{"taxonomy":"pa_colore","embeddable":true,"href":"https:\/\/omegaprofessionaldoors.com\/OLD-2025\/wp-json\/wp\/v2\/pa_colore?post=5406"},{"taxonomy":"pa_composizione","embeddable":true,"href":"https:\/\/omegaprofessionaldoors.com\/OLD-2025\/wp-json\/wp\/v2\/pa_composizione?post=5406"}],"curies":[{"name":"wp","href":"https:\/\/api.w.org\/{rel}","templated":true}]}}